{"id":98,"date":"2017-08-10T05:53:25","date_gmt":"2017-08-10T05:53:25","guid":{"rendered":"http:\/\/munielchalpeten.gob.gt\/web\/?page_id=98"},"modified":"2025-06-09T20:51:49","modified_gmt":"2025-06-09T20:51:49","slug":"solicitud-de-informacion","status":"publish","type":"page","link":"https:\/\/munielchalpeten.gob.gt\/web\/solicitud-de-informacion\/","title":{"rendered":"Solicitud de informaci\u00f3n"},"content":{"rendered":"<h6>En cumplimiento al Decreto 57-2008 del Congreso de la Rep\u00fablica, Ley de Acceso a la informaci\u00f3n P\u00fablica, el cual tiene por objeto garantizar a toda persona interesada, sin discriminaci\u00f3n alguna, el derecho a solicitar y atener acceso a la informaci\u00f3n en posesi\u00f3n de la autoridades y sujetos obligados por la presente Ley, con excepci\u00f3n en los casos de informaci\u00f3n confidencial y reservada estipulada en los art\u00edculos 22 y 23 del Decreto 57-2008, respectivamente.<\/h6>\n\n<hr>\n\n\n<p>Por favor rellene el siguiente formulario con las opciones que se le piden. Las opciones marcadas con un asterisco de color rojo son de car\u00e1cter obligatorio.<\/p>\n\n\n<div class=\"everest-forms\"><div class=\"evf-container default\" id=\"evf-51905\"><form id=\"evf-form-51905\" class=\"everest-form\" data-formid=\"51905\" data-ajax_submission=\"0\" data-keyboard_friendly_form=\"0\" data-form_state_type=\"\" method=\"post\" enctype=\"multipart\/form-data\" action=\"\/web\/wp-json\/wp\/v2\/pages\/98\"><div class=\"evf-field-container\"><input type=\"hidden\" id=\"_wpnonce51905\" name=\"_wpnonce51905\" value=\"5c622e5676\" \/><input type=\"hidden\" name=\"_wp_http_referer\" value=\"\/web\/wp-json\/wp\/v2\/pages\/98\" \/><div class=\"evf-frontend-row\" data-row=\"row_1\" conditional_rules=\"[]\"><div class=\"evf-frontend-grid evf-grid-1\" data-grid=\"grid_1\"><div id=\"evf-51905-field_fullname-container\" class=\"evf-field evf-field-text form-row validate-required\" data-required-field-message=\"Este campo es obligatorio.\" data-field-id=\"fullname\"><label class=\"evf-field-label\" for=\"evf-51905-field_fullname\"><span class=\"evf-label\">Nombres y apellidos:<\/span> <abbr class=\"required\" title=\"Obligatorio\">*<\/abbr><\/label><input type=\"text\" id=\"evf-51905-field_fullname\" class=\"input-text\" name=\"everest_forms[form_fields][fullname]\" required><\/div><div id=\"evf-51905-field_bKlQNxIqNg-6-container\" class=\"evf-field evf-field-first-name form-row validate-required\" data-required-field-message=\"Este campo es obligatorio.\" data-field-id=\"bKlQNxIqNg-6\"><label class=\"evf-field-label\" for=\"evf-51905-field_bKlQNxIqNg-6\"><span class=\"evf-label\">Lugar de residencia:<\/span> <abbr class=\"required\" title=\"Obligatorio\">*<\/abbr><\/label><input type=\"text\" id=\"evf-51905-field_bKlQNxIqNg-6\" class=\"input-text\" name=\"everest_forms[form_fields][bKlQNxIqNg-6]\" required><\/div><div id=\"evf-51905-field_ApkUz7iMaQ-1-container\" class=\"evf-field evf-field-text form-row validate-required\" data-required-field-message=\"Este campo es obligatorio.\" data-field-id=\"ApkUz7iMaQ-1\"><label class=\"evf-field-label\" for=\"evf-51905-field_ApkUz7iMaQ-1\"><span class=\"evf-label\">Tel\u00e9fono:<\/span> <abbr class=\"required\" title=\"Obligatorio\">*<\/abbr><\/label><input type=\"text\" id=\"evf-51905-field_ApkUz7iMaQ-1\" class=\"input-text\" name=\"everest_forms[form_fields][ApkUz7iMaQ-1]\" required><\/div><div id=\"evf-51905-field_email-container\" class=\"evf-field evf-field-email form-row validate-required validate-email\" data-required-field-message=\"Por favor, usa una direcci\u00f3n de correo electr\u00f3nico v\u00e1lida.\" data-field-id=\"email\"><label class=\"evf-field-label\" for=\"evf-51905-field_email\"><span class=\"evf-label\">Correo electr\u00f3nico:<\/span> <abbr class=\"required\" title=\"Obligatorio\">*<\/abbr><\/label><input type=\"email\" id=\"evf-51905-field_email\" class=\"input-text\" name=\"everest_forms[form_fields][email]\" required ><\/div><div id=\"evf-51905-field_LqLIBcYsPp-3-container\" class=\"evf-field evf-field-radio form-row\" data-field-id=\"LqLIBcYsPp-3\"><label class=\"evf-field-label\" for=\"evf-51905-field_LqLIBcYsPp-3\"><span class=\"evf-label\">Medio de entrega:<\/span> <\/label><ul id=\"evf-51905-field_LqLIBcYsPp-3\"><li class=\"choice-1 depth-1\"><input type=\"radio\" id=\"evf-51905-field_LqLIBcYsPp-3_1\" class=\"input-text\" name=\"everest_forms[form_fields][LqLIBcYsPp-3]\" value=\"Correo electr\u00f3nico\"  ><label class=\"everest-forms-field-label-inline\" for=\"evf-51905-field_LqLIBcYsPp-3_1\">Correo electr\u00f3nico<\/label><\/li><li class=\"choice-2 depth-1\"><input type=\"radio\" id=\"evf-51905-field_LqLIBcYsPp-3_2\" class=\"input-text\" name=\"everest_forms[form_fields][LqLIBcYsPp-3]\" value=\"Impreso\"  ><label class=\"everest-forms-field-label-inline\" for=\"evf-51905-field_LqLIBcYsPp-3_2\">Impreso<\/label><\/li><li class=\"choice-3 depth-1\"><input type=\"radio\" id=\"evf-51905-field_LqLIBcYsPp-3_3\" class=\"input-text\" name=\"everest_forms[form_fields][LqLIBcYsPp-3]\" value=\"Dispositivo de almacenamiento\"  ><label class=\"everest-forms-field-label-inline\" for=\"evf-51905-field_LqLIBcYsPp-3_3\">Dispositivo de almacenamiento<\/label><\/li><\/ul><div class=\"evf-field-description\">Medio en que requiere la informaci\u00f3n solicitada. Si no indica el medio, se enviar\u00e1 al correo electr\u00f3nico proporcionado.<\/div><\/div><div id=\"evf-51905-field_UH4Oq4A73z-5-container\" class=\"evf-field evf-field-select form-row\" data-field-id=\"UH4Oq4A73z-5\"><label class=\"evf-field-label\" for=\"evf-51905-field_UH4Oq4A73z-5\"><span class=\"evf-label\">G\u00e9nero:<\/span> <\/label><select id=\"evf-51905-field_UH4Oq4A73z-5\" class=\"input-text\" name=\"everest_forms[form_fields][UH4Oq4A73z-5]\" ><option value=\"Hombre\" >Hombre<\/option><option value=\"Mujer\" >Mujer<\/option><\/select><div class=\"evf-field-description\">Opcional: seleccione el g\u00e9nero.<\/div><\/div><div id=\"evf-51905-field_message-container\" class=\"evf-field evf-field-textarea form-row validate-required\" data-required-field-message=\"Este campo es obligatorio.\" data-field-id=\"message\"><label class=\"evf-field-label\" for=\"evf-51905-field_message\"><span class=\"evf-label\">Solicitud:<\/span> <abbr class=\"required\" title=\"Obligatorio\">*<\/abbr><\/label><textarea id=\"evf-51905-field_message\" class=\"input-text\" name=\"everest_forms[form_fields][message]\" required ><\/textarea><div class=\"evf-field-description\">Descripci\u00f3n clara y precisa de la informaci\u00f3n solicitada. Con el fin de brindar un mejor servicio, adem\u00e1s de describir la informaci\u00f3n que solicita, se sugiere proporcionar todos los datos que considere que puedan facilitar la b\u00fasqueda de dicha informaci\u00f3n (Fechas, libros, folios, etc. Si contare con ellos.<\/div><\/div><\/div><\/div><\/div><div class=\"evf-honeypot-container evf-field-hp\"><label for=\"evf-51905-field-hp\" class=\"evf-field-label\">Comment<\/label><input type=\"text\" name=\"everest_forms[hp]\" id=\"evf-51905-field-hp\" class=\"input-text\"><\/div><div class=\"evf-recaptcha-container \" style=\"display:block\"><div class=\"g-recaptcha\" data-sitekey=\"6Lddrl0iAAAAABRy3bnMgV-_mhsxC28g-fWH_WB8\"><\/div><\/div><div class=\"evf-submit-container \" ><input type=\"hidden\" name=\"everest_forms[id]\" value=\"51905\"><input type=\"hidden\" name=\"everest_forms[author]\" value=\"9\"><button type='submit' name='everest_forms[submit]' class='everest-forms-submit-button button evf-submit ' id='evf-submit-51905' value='evf-submit' data-process-text=\"Procesando...\" conditional_rules='&quot;&quot;' conditional_id='evf-submit-51905'  id=\"evf-submit-51905\" aria-live=\"assertive\">Enviar<\/button><\/div><\/form><\/div><!-- .evf-container --><\/div>\n\n\n\n<p>Tambi\u00e9n puede visitar nuestras redes sociales. <a href=\"https:\/\/www.facebook.com\/munielchal\" target=\"_blank\" rel=\"noreferrer noopener\">Facebook<\/a>, <a href=\"https:\/\/www.tiktok.com\/@munielchal\">TikTok<\/a> y <a href=\"https:\/\/twitter.com\/munielchal\" target=\"_blank\" rel=\"noreferrer noopener\">X(Twitter<\/a>).<\/p>\n\n\n\n<p>De la misma manera puede visitar nuestra secci\u00f3n de noticias haciendo clic <a href=\"https:\/\/munielchalpeten.gob.gt\/web\/category\/noticias\/\" target=\"_blank\" rel=\"noreferrer noopener\">aqu\u00ed<\/a>.<\/p>\n\n\n\n<p><\/p>\n","protected":false},"excerpt":{"rendered":"<p>En cumplimiento al Decreto 57-2008 del Congreso de la Rep\u00fablica, Ley de Acceso a la informaci\u00f3n P\u00fablica, el cual tiene<\/p>\n","protected":false},"author":9,"featured_media":0,"parent":0,"menu_order":0,"comment_status":"closed","ping_status":"closed","template":"","meta":{"footnotes":""},"class_list":["post-98","page","type-page","status-publish","hentry"],"_links":{"self":[{"href":"https:\/\/munielchalpeten.gob.gt\/web\/wp-json\/wp\/v2\/pages\/98","targetHints":{"allow":["GET"]}}],"collection":[{"href":"https:\/\/munielchalpeten.gob.gt\/web\/wp-json\/wp\/v2\/pages"}],"about":[{"href":"https:\/\/munielchalpeten.gob.gt\/web\/wp-json\/wp\/v2\/types\/page"}],"author":[{"embeddable":true,"href":"https:\/\/munielchalpeten.gob.gt\/web\/wp-json\/wp\/v2\/users\/9"}],"replies":[{"embeddable":true,"href":"https:\/\/munielchalpeten.gob.gt\/web\/wp-json\/wp\/v2\/comments?post=98"}],"version-history":[{"count":22,"href":"https:\/\/munielchalpeten.gob.gt\/web\/wp-json\/wp\/v2\/pages\/98\/revisions"}],"predecessor-version":[{"id":57349,"href":"https:\/\/munielchalpeten.gob.gt\/web\/wp-json\/wp\/v2\/pages\/98\/revisions\/57349"}],"wp:attachment":[{"href":"https:\/\/munielchalpeten.gob.gt\/web\/wp-json\/wp\/v2\/media?parent=98"}],"curies":[{"name":"wp","href":"https:\/\/api.w.org\/{rel}","templated":true}]}}