{"id":51943,"date":"2018-02-21T11:40:57","date_gmt":"2018-02-21T11:40:57","guid":{"rendered":"https:\/\/demo.themegrill.com\/colormag-pro-sports\/?page_id=260"},"modified":"2025-06-09T20:51:04","modified_gmt":"2025-06-09T20:51:04","slug":"contactenos","status":"publish","type":"page","link":"https:\/\/munielchalpeten.gob.gt\/web\/contactenos\/","title":{"rendered":"Cont\u00e1ctenos"},"content":{"rendered":"\n<p>Si tiene alguna duda o sugerencia puede enviarnos un correo electr\u00f3nico desde el siguiente formulario. Ser\u00e1 un gusto atenderle. Tambi\u00e9n puede visitar nuestras redes sociales: <a href=\"https:\/\/facebook.com\/munielchal\">Facebook<\/a>, <a href=\"https:\/\/www.tiktok.com\/@munielchal\">Tiktok<\/a> y <a href=\"https:\/\/twitter.com\/munielchal\">X(Twitter)<\/a>.<\/p>\n\n\n<div class=\"everest-forms\"><div class=\"evf-container default\" id=\"evf-259\"><form id=\"evf-form-259\" class=\"everest-form\" data-formid=\"259\" data-ajax_submission=\"0\" data-keyboard_friendly_form=\"0\" data-form_state_type=\"\" method=\"post\" enctype=\"multipart\/form-data\" action=\"\/web\/wp-json\/wp\/v2\/pages\/51943\"><div class=\"evf-field-container\"><input type=\"hidden\" id=\"_wpnonce259\" name=\"_wpnonce259\" value=\"7f8f5f4bdd\" \/><input type=\"hidden\" name=\"_wp_http_referer\" value=\"\/web\/wp-json\/wp\/v2\/pages\/51943\" \/><div class=\"evf-frontend-row\" data-row=\"row_1\" conditional_rules=\"[]\"><div class=\"evf-frontend-grid evf-grid-1\" data-grid=\"grid_1\"><div id=\"evf-259-field_lVizlNhYus-1-container\" class=\"evf-field evf-field-text form-row validate-required\" data-required-field-message=\"This field is required.\" data-field-id=\"lVizlNhYus-1\"><label class=\"evf-field-label\" for=\"evf-259-field_lVizlNhYus-1\"><span class=\"evf-label\">Nombre:<\/span> <abbr class=\"required\" title=\"Obligatorio\">*<\/abbr><\/label><input type=\"text\" id=\"evf-259-field_lVizlNhYus-1\" class=\"input-text\" name=\"everest_forms[form_fields][lVizlNhYus-1]\" required><\/div><div id=\"evf-259-field_jvLViD7yiW-1-container\" class=\"evf-field evf-field-last-name form-row validate-required\" data-required-field-message=\"Este campo es obligatorio.\" data-field-id=\"jvLViD7yiW-1\"><label class=\"evf-field-label\" for=\"evf-259-field_jvLViD7yiW-1\"><span class=\"evf-label\">Apellidos:<\/span> <abbr class=\"required\" title=\"Obligatorio\">*<\/abbr><\/label><input type=\"text\" id=\"evf-259-field_jvLViD7yiW-1\" class=\"input-text\" name=\"everest_forms[form_fields][jvLViD7yiW-1]\" required><\/div><div id=\"evf-259-field_XYnMdkQDKM-3-container\" class=\"evf-field evf-field-email form-row validate-required validate-email\" data-required-field-message=\"Please enter a valid email address.\" data-field-id=\"XYnMdkQDKM-3\"><label class=\"evf-field-label\" for=\"evf-259-field_XYnMdkQDKM-3\"><span class=\"evf-label\">Correo electr\u00f3nico:<\/span> <abbr class=\"required\" title=\"Obligatorio\">*<\/abbr><\/label><input type=\"email\" id=\"evf-259-field_XYnMdkQDKM-3\" class=\"input-text\" name=\"everest_forms[form_fields][XYnMdkQDKM-3]\" required ><\/div><div id=\"evf-259-field_xJivsqAS2c-2-container\" class=\"evf-field evf-field-text form-row validate-required\" data-required-field-message=\"This field is required.\" data-field-id=\"xJivsqAS2c-2\"><label class=\"evf-field-label\" for=\"evf-259-field_xJivsqAS2c-2\"><span class=\"evf-label\">Motivo:<\/span> <abbr class=\"required\" title=\"Obligatorio\">*<\/abbr><\/label><input type=\"text\" id=\"evf-259-field_xJivsqAS2c-2\" class=\"input-text\" name=\"everest_forms[form_fields][xJivsqAS2c-2]\" required><\/div><div id=\"evf-259-field_YalaPcQ0DO-4-container\" class=\"evf-field evf-field-textarea form-row validate-required\" data-required-field-message=\"This field is required.\" data-field-id=\"YalaPcQ0DO-4\"><label class=\"evf-field-label\" for=\"evf-259-field_YalaPcQ0DO-4\"><span class=\"evf-label\">Mensaje:<\/span> <abbr class=\"required\" title=\"Obligatorio\">*<\/abbr><\/label><textarea id=\"evf-259-field_YalaPcQ0DO-4\" class=\"input-text\" name=\"everest_forms[form_fields][YalaPcQ0DO-4]\" required ><\/textarea><\/div><\/div><\/div><\/div><div class=\"evf-honeypot-container evf-field-hp\"><label for=\"evf-259-field-hp\" class=\"evf-field-label\">Phone<\/label><input type=\"text\" name=\"everest_forms[hp]\" id=\"evf-259-field-hp\" class=\"input-text\"><\/div><div class=\"evf-recaptcha-container \" style=\"display:block\"><div class=\"g-recaptcha\" data-sitekey=\"6Lddrl0iAAAAABRy3bnMgV-_mhsxC28g-fWH_WB8\"><\/div><\/div><div class=\"evf-submit-container \" ><input type=\"hidden\" name=\"everest_forms[id]\" value=\"259\"><input type=\"hidden\" name=\"everest_forms[author]\" value=\"9\"><button type='submit' name='everest_forms[submit]' class='everest-forms-submit-button button evf-submit ' id='evf-submit-259' value='evf-submit' data-process-text=\"Por favor espere mientras se env\u00eda su solicitud\" conditional_rules='&quot;&quot;' conditional_id='evf-submit-259'  id=\"evf-submit-259\" aria-live=\"assertive\">Enviar<\/button><\/div><\/form><\/div><!-- .evf-container --><\/div>\n\n\n\n<p>Para solicitudes sobre informaci\u00f3n p\u00fablica de oficio puede hacerlo desde <a href=\"https:\/\/munielchalpeten.gob.gt\/web\/solicitud-de-informacion\/\" target=\"_blank\" rel=\"noreferrer noopener\">aqu\u00ed.<\/a><\/p>\n\n\n\n<p>D\u00f3nde estamos ubicados.<\/p>\n\n\n<p><iframe data-src=\"https:\/\/www.google.com\/maps\/embed?pb=!1m18!1m12!1m3!1d1136.4981226925504!2d-89.65094174472715!3d16.64137812224896!2m3!1f0!2f0!3f0!3m2!1i1024!2i768!4f13.1!3m3!1m2!1s0x8f5fdc3ad0e43c89%3A0x11aa298deb2394b9!2sMunicipalidad%20de%20El%20Chal!5e0!3m2!1ses!2sgt!4v1727105412574!5m2!1ses!2sgt\" width=\"775\" height=\"450\" style=\"border:0;\" allowfullscreen=\"\" referrerpolicy=\"no-referrer-when-downgrade\" src=\"data:image\/svg+xml;base64,PHN2ZyB3aWR0aD0iMSIgaGVpZ2h0PSIxIiB4bWxucz0iaHR0cDovL3d3dy53My5vcmcvMjAwMC9zdmciPjwvc3ZnPg==\" class=\"lazyload\" data-load-mode=\"1\"><\/iframe><\/p>\n\n\n\n<p><\/p>\n","protected":false},"excerpt":{"rendered":"<p>Si tiene alguna duda o sugerencia puede enviarnos un correo electr\u00f3nico desde el siguiente formulario. Ser\u00e1 un gusto atenderle. Tambi\u00e9n<\/p>\n","protected":false},"author":9,"featured_media":0,"parent":0,"menu_order":0,"comment_status":"closed","ping_status":"closed","template":"page-templates\/contact.php","meta":{"footnotes":""},"class_list":["post-51943","page","type-page","status-publish","hentry"],"_links":{"self":[{"href":"https:\/\/munielchalpeten.gob.gt\/web\/wp-json\/wp\/v2\/pages\/51943","targetHints":{"allow":["GET"]}}],"collection":[{"href":"https:\/\/munielchalpeten.gob.gt\/web\/wp-json\/wp\/v2\/pages"}],"about":[{"href":"https:\/\/munielchalpeten.gob.gt\/web\/wp-json\/wp\/v2\/types\/page"}],"author":[{"embeddable":true,"href":"https:\/\/munielchalpeten.gob.gt\/web\/wp-json\/wp\/v2\/users\/9"}],"replies":[{"embeddable":true,"href":"https:\/\/munielchalpeten.gob.gt\/web\/wp-json\/wp\/v2\/comments?post=51943"}],"version-history":[{"count":20,"href":"https:\/\/munielchalpeten.gob.gt\/web\/wp-json\/wp\/v2\/pages\/51943\/revisions"}],"predecessor-version":[{"id":57348,"href":"https:\/\/munielchalpeten.gob.gt\/web\/wp-json\/wp\/v2\/pages\/51943\/revisions\/57348"}],"wp:attachment":[{"href":"https:\/\/munielchalpeten.gob.gt\/web\/wp-json\/wp\/v2\/media?parent=51943"}],"curies":[{"name":"wp","href":"https:\/\/api.w.org\/{rel}","templated":true}]}}